{"id":103,"date":"2022-07-04T20:40:58","date_gmt":"2022-07-04T18:40:58","guid":{"rendered":"http:\/\/Admin"},"modified":"2022-08-10T16:19:51","modified_gmt":"2022-08-10T14:19:51","slug":"bonde-a-panier-couleur-vidage-evier-cuisine-crepine-diametre-90mm","status":"publish","type":"product","link":"https:\/\/klen.fr\/index.php\/produit\/bonde-a-panier-couleur-vidage-evier-cuisine-crepine-diametre-90mm\/","title":{"rendered":"BONDE \u00c0 PANIER COULEUR POUR \u00c9VIER DE CUISINE"},"content":{"rendered":"<h1 style=\"text-align: left;\">5 b\u00e9n\u00e9fices d&rsquo;opter pour une bonde pour \u00e9vier noir.<\/h1>\n<h2 style=\"text-align: left;\"><span class=\"a-list-item\"><strong>\ud83c\udf1f ESTH\u00c9TIQUE<\/strong><\/span><\/h2>\n<p style=\"text-align: left;\"><span class=\"a-list-item\">Optez pour une bonde \u00e0 panier dans la couleur de votre \u00e9vier ou de votre mitigeur. Pi\u00e8ces moul\u00e9es et usin\u00e9es dans 6 couleurs avec une finition mat (Noir, Beige, Argent, Gris, Marron et Blanc).<\/span><\/p>\n<p style=\"text-align: left;\"><img fetchpriority=\"high\" decoding=\"async\" class=\"alignnone size-medium wp-image-153\" src=\"http:\/\/klen.fr\/wp-content\/uploads\/2022\/07\/situation-3-2-300x200.jpg\" alt=\"\" width=\"300\" height=\"200\" srcset=\"https:\/\/klen.fr\/wp-content\/uploads\/2022\/07\/situation-3-2-300x200.jpg 300w, https:\/\/klen.fr\/wp-content\/uploads\/2022\/07\/situation-3-2-768x512.jpg 768w, https:\/\/klen.fr\/wp-content\/uploads\/2022\/07\/situation-3-2-600x400.jpg 600w, https:\/\/klen.fr\/wp-content\/uploads\/2022\/07\/situation-3-2.jpg 924w\" sizes=\"(max-width: 300px) 100vw, 300px\" \/><\/p>\n<h2 style=\"text-align: left;\"><span class=\"a-list-item\"><strong>\u269c\ufe0f\u00a0TAILLE UNIVERSELLE<\/strong><\/span><\/h2>\n<p style=\"text-align: left;\"><span class=\"a-list-item\">Convient \u00e0 tous les vidanges standards d&rsquo;\u00e9vier de cuisine de \u00d890mm. Peut \u00eatre install\u00e9 sur un \u00e9vier inoxydable, et pierre, quartz ou r\u00e9sine. Dimensions : 11,40 cm et 8 cm de hauteur.<\/span><\/p>\n<p style=\"text-align: left;\"><img decoding=\"async\" class=\"alignnone size-medium wp-image-144\" src=\"http:\/\/klen.fr\/wp-content\/uploads\/2022\/07\/Bonde-Noir-B1452-6-300x151.jpg\" alt=\"\" width=\"300\" height=\"151\" srcset=\"https:\/\/klen.fr\/wp-content\/uploads\/2022\/07\/Bonde-Noir-B1452-6-300x151.jpg 300w, https:\/\/klen.fr\/wp-content\/uploads\/2022\/07\/Bonde-Noir-B1452-6-600x302.jpg 600w, https:\/\/klen.fr\/wp-content\/uploads\/2022\/07\/Bonde-Noir-B1452-6-1024x516.jpg 1024w, https:\/\/klen.fr\/wp-content\/uploads\/2022\/07\/Bonde-Noir-B1452-6-768x387.jpg 768w, https:\/\/klen.fr\/wp-content\/uploads\/2022\/07\/Bonde-Noir-B1452-6-1536x774.jpg 1536w, https:\/\/klen.fr\/wp-content\/uploads\/2022\/07\/Bonde-Noir-B1452-6-2048x1032.jpg 2048w, https:\/\/klen.fr\/wp-content\/uploads\/2022\/07\/Bonde-Noir-B1452-6-1568x790.jpg 1568w\" sizes=\"(max-width: 300px) 100vw, 300px\" \/><\/p>\n<h2 style=\"text-align: left;\"><span class=\"a-list-item\"><strong>\u269c\ufe0f QUALIT\u00c9<\/strong><\/span><\/h2>\n<p style=\"text-align: left;\"><span class=\"a-list-item\">Composition en plastique ABS de haute densit\u00e9 et durable teint\u00e9 dans la masse. Excellente r\u00e9sistance \u00e0 la corrosion, aux chocs physiques et thermiques. Tige de la cr\u00e9pine en acier inoxydable.<\/span><\/p>\n<p style=\"text-align: left;\"><img decoding=\"async\" class=\"alignnone size-medium wp-image-154\" src=\"http:\/\/klen.fr\/wp-content\/uploads\/2022\/07\/PXL_20210430_104839983-1-300x225.jpg\" alt=\"\" width=\"300\" height=\"225\" srcset=\"https:\/\/klen.fr\/wp-content\/uploads\/2022\/07\/PXL_20210430_104839983-1-300x225.jpg 300w, https:\/\/klen.fr\/wp-content\/uploads\/2022\/07\/PXL_20210430_104839983-1-1024x768.jpg 1024w, https:\/\/klen.fr\/wp-content\/uploads\/2022\/07\/PXL_20210430_104839983-1-768x576.jpg 768w, https:\/\/klen.fr\/wp-content\/uploads\/2022\/07\/PXL_20210430_104839983-1-1536x1152.jpg 1536w, https:\/\/klen.fr\/wp-content\/uploads\/2022\/07\/PXL_20210430_104839983-1-2048x1536.jpg 2048w, https:\/\/klen.fr\/wp-content\/uploads\/2022\/07\/PXL_20210430_104839983-1-600x450.jpg 600w\" sizes=\"(max-width: 300px) 100vw, 300px\" \/><\/p>\n<h2 style=\"text-align: left;\"><span class=\"a-list-item\"><strong>\u2714 UTILISATION &amp; ENTRETIEN FACILE<\/strong><\/span><\/h2>\n<p style=\"text-align: left;\"><span class=\"a-list-item\">Grace aux 20 fentes usin\u00e9es, la cr\u00e9pine amovible retient les d\u00e9bris alimentaires pour garder votre tuyau d&rsquo;\u00e9vacuation d\u00e9gag\u00e9. Le panier s\u2019ouvre et se referme pour remplir votre \u00e9vier afin de laver et de faire tremper les ustensiles de cuisine.<\/span><\/p>\n<h2 style=\"text-align: left;\"><span class=\"a-list-item\"><strong>\ud83d\udd12 GARANTI<\/strong><\/span><\/h2>\n<p style=\"text-align: left;\"><span class=\"a-list-item\">Nos produits sont garanti 10 ans. Nous sommes confiant que l\u2019esth\u00e9tique et la qualit\u00e9 seront \u00e0 la hauteur de vos attentes. Si toutefois vous changez d\u2019avis, nous nous engageons et reprendre le produit sans poser de questions.<br \/>\n<\/span><\/p>\n","protected":false},"excerpt":{"rendered":"<p>BONDE \u00c0 PANIER NOIR POUR \u00c9VIER DE CUISINE. Finition mat. Qualit\u00e9 ABS haute densit\u00e9 tr\u00e8s r\u00e9sistant et simple \u00e0 installer sur tout type et style d&rsquo;\u00e9viers &#8211; Inox, R\u00e9sine, Quartz, etc. (NOIR).<\/p>\n<div><strong>Couleur<\/strong>\u00a0:\u00a0 Noir<br \/>\n<span class=\"a-size-base a-text-bold\"><strong>Mat\u00e9riau<\/strong>\u00a0: ABS (<\/span><span class=\"a-size-base\">Acrylonitrile butadl\u00e8ne styr\u00e8ne)<\/span><\/div>\n<div><span class=\"a-size-base a-text-bold\"><strong>Dimensions de l\u2019article L x l x H<\/strong>\u00a0:\u00a0<\/span><span class=\"a-size-base\">11.4 x 11.4 x 8 centim\u00e8tres<\/span><\/div>\n","protected":false},"featured_media":180,"comment_status":"closed","ping_status":"closed","template":"","meta":[],"product_cat":[25],"product_tag":[],"class_list":{"0":"post-103","1":"product","2":"type-product","3":"status-publish","4":"has-post-thumbnail","6":"product_cat-bonde-cuisine","8":"first","9":"instock","10":"shipping-taxable","11":"purchasable","12":"product-type-variable"},"_links":{"self":[{"href":"https:\/\/klen.fr\/index.php\/wp-json\/wp\/v2\/product\/103"}],"collection":[{"href":"https:\/\/klen.fr\/index.php\/wp-json\/wp\/v2\/product"}],"about":[{"href":"https:\/\/klen.fr\/index.php\/wp-json\/wp\/v2\/types\/product"}],"replies":[{"embeddable":true,"href":"https:\/\/klen.fr\/index.php\/wp-json\/wp\/v2\/comments?post=103"}],"wp:featuredmedia":[{"embeddable":true,"href":"https:\/\/klen.fr\/index.php\/wp-json\/wp\/v2\/media\/180"}],"wp:attachment":[{"href":"https:\/\/klen.fr\/index.php\/wp-json\/wp\/v2\/media?parent=103"}],"wp:term":[{"taxonomy":"product_cat","embeddable":true,"href":"https:\/\/klen.fr\/index.php\/wp-json\/wp\/v2\/product_cat?post=103"},{"taxonomy":"product_tag","embeddable":true,"href":"https:\/\/klen.fr\/index.php\/wp-json\/wp\/v2\/product_tag?post=103"}],"curies":[{"name":"wp","href":"https:\/\/api.w.org\/{rel}","templated":true}]}}